{"id":2,"date":"2021-01-21T02:28:40","date_gmt":"2021-01-21T01:28:40","guid":{"rendered":"http:\/\/janmfischer.de\/1jota\/?page_id=2"},"modified":"2026-03-20T14:57:43","modified_gmt":"2026-03-20T13:57:43","slug":"start","status":"publish","type":"page","link":"https:\/\/1jota.com\/","title":{"rendered":"1Jota GmbH"},"content":{"rendered":"\n<p class=\"has-huge-font-size\"><strong>Una Jota<\/strong><\/p>\n\n\n\n<p><\/p>\n\n\n\n<p class=\"has-medium-font-size\">Betriebswirtschaftliche Beratung f\u00fcr mittelst\u00e4ndische Unternehmen und Verm\u00f6gensverwaltung im eigenen Bestand<\/p>\n\n\n\n<p><\/p>\n\n\n\n<p>Una Jota unterst\u00fctzt Unternehmen projektbezogen bei betriebswirtschaftlichen Fragestellungen \u2013 von Analyse und Konzeption bis zur Umsetzung klar definierter Arbeitspakete. Parallel verwaltet die 1Jota GmbH eigenes Verm\u00f6gen, insbesondere Immobilien, Wertpapiere und Beteiligungen.<\/p>\n\n\n\n<p><\/p>\n","protected":false},"excerpt":{"rendered":"<p>Una Jota Betriebswirtschaftliche Beratung f\u00fcr mittelst\u00e4ndische Unternehmen und Verm\u00f6gensverwaltung im eigenen Bestand Una Jota unterst\u00fctzt Unternehmen projektbezogen bei betriebswirtschaftlichen Fragestellungen \u2013 von Analyse und Konzeption bis zur Umsetzung klar definierter Arbeitspakete. Parallel verwaltet die 1Jota GmbH eigenes Verm\u00f6gen, insbesondere Immobilien, Wertpapiere und Beteiligungen.<\/p>\n","protected":false},"author":1,"featured_media":0,"parent":0,"menu_order":0,"comment_status":"closed","ping_status":"closed","template":"","meta":{"_coblocks_attr":"","_coblocks_dimensions":"","_coblocks_responsive_height":"","_coblocks_accordion_ie_support":"","hide_page_title":"","footnotes":""},"class_list":["post-2","page","type-page","status-publish","hentry"],"_links":{"self":[{"href":"https:\/\/1jota.com\/index.php?rest_route=\/wp\/v2\/pages\/2","targetHints":{"allow":["GET"]}}],"collection":[{"href":"https:\/\/1jota.com\/index.php?rest_route=\/wp\/v2\/pages"}],"about":[{"href":"https:\/\/1jota.com\/index.php?rest_route=\/wp\/v2\/types\/page"}],"author":[{"embeddable":true,"href":"https:\/\/1jota.com\/index.php?rest_route=\/wp\/v2\/users\/1"}],"replies":[{"embeddable":true,"href":"https:\/\/1jota.com\/index.php?rest_route=%2Fwp%2Fv2%2Fcomments&post=2"}],"version-history":[{"count":39,"href":"https:\/\/1jota.com\/index.php?rest_route=\/wp\/v2\/pages\/2\/revisions"}],"predecessor-version":[{"id":188,"href":"https:\/\/1jota.com\/index.php?rest_route=\/wp\/v2\/pages\/2\/revisions\/188"}],"wp:attachment":[{"href":"https:\/\/1jota.com\/index.php?rest_route=%2Fwp%2Fv2%2Fmedia&parent=2"}],"curies":[{"name":"wp","href":"https:\/\/api.w.org\/{rel}","templated":true}]}}