{"id":163,"date":"2026-02-07T21:27:47","date_gmt":"2026-02-07T20:27:47","guid":{"rendered":"https:\/\/1jota.com\/?page_id=163"},"modified":"2026-02-07T23:37:35","modified_gmt":"2026-02-07T22:37:35","slug":"impressum","status":"publish","type":"page","link":"https:\/\/1jota.com\/?page_id=163","title":{"rendered":"Impressum"},"content":{"rendered":"\n<p class=\"has-text-align-left has-small-font-size\">1Jota GmbH<br>Struckstr. 2<br>49809 Lingen<\/p>\n\n\n\n<p><\/p>\n\n\n\n<p>Vertreten durch den Gesch\u00e4ftsf\u00fchrer: Dr. Jan M. Fischer<\/p>\n\n\n\n<p>E-Mail: kontakt@1jota.com<\/p>\n\n\n\n<p><\/p>\n\n\n\n<p>Registereintrag:<br>Eingetragen im Handelsregister<br>Registergericht: D\u00fcsseldorf<br>Registernummer: HRB 101084<\/p>\n","protected":false},"excerpt":{"rendered":"<p>1Jota GmbHStruckstr. 249809 Lingen Vertreten durch den Gesch\u00e4ftsf\u00fchrer: Dr. Jan M. Fischer E-Mail: kontakt@1jota.com Registereintrag:Eingetragen im HandelsregisterRegistergericht: D\u00fcsseldorfRegisternummer: HRB 101084<\/p>\n","protected":false},"author":1,"featured_media":0,"parent":0,"menu_order":0,"comment_status":"closed","ping_status":"closed","template":"","meta":{"_coblocks_attr":"","_coblocks_dimensions":"","_coblocks_responsive_height":"","_coblocks_accordion_ie_support":"","hide_page_title":"","footnotes":""},"class_list":["post-163","page","type-page","status-publish","hentry"],"_links":{"self":[{"href":"https:\/\/1jota.com\/index.php?rest_route=\/wp\/v2\/pages\/163","targetHints":{"allow":["GET"]}}],"collection":[{"href":"https:\/\/1jota.com\/index.php?rest_route=\/wp\/v2\/pages"}],"about":[{"href":"https:\/\/1jota.com\/index.php?rest_route=\/wp\/v2\/types\/page"}],"author":[{"embeddable":true,"href":"https:\/\/1jota.com\/index.php?rest_route=\/wp\/v2\/users\/1"}],"replies":[{"embeddable":true,"href":"https:\/\/1jota.com\/index.php?rest_route=%2Fwp%2Fv2%2Fcomments&post=163"}],"version-history":[{"count":4,"href":"https:\/\/1jota.com\/index.php?rest_route=\/wp\/v2\/pages\/163\/revisions"}],"predecessor-version":[{"id":186,"href":"https:\/\/1jota.com\/index.php?rest_route=\/wp\/v2\/pages\/163\/revisions\/186"}],"wp:attachment":[{"href":"https:\/\/1jota.com\/index.php?rest_route=%2Fwp%2Fv2%2Fmedia&parent=163"}],"curies":[{"name":"wp","href":"https:\/\/api.w.org\/{rel}","templated":true}]}}