{"id":152,"date":"2026-02-07T21:28:00","date_gmt":"2026-02-07T20:28:00","guid":{"rendered":"https:\/\/1jota.com\/?page_id=152"},"modified":"2026-02-07T21:28:00","modified_gmt":"2026-02-07T20:28:00","slug":"leistungen","status":"publish","type":"page","link":"https:\/\/1jota.com\/?page_id=152","title":{"rendered":"Leistungen"},"content":{"rendered":"\n<p class=\"is-style-default\">Wir unterst\u00fctzen inhabergef\u00fchrte sowie Private-Equity-finanzierte KMUs dabei, ihre Finanz- und Operations-Funktionen zu professionalisieren und skalierbar aufzustellen \u2013 insbesondere, wenn das Unternehmen einen Investoren- bzw. K\u00e4uferprozess vorbereitet (PE \/ strategischer Erwerber), eine Transaktion durchl\u00e4uft, in die n\u00e4chste Wachstumsphase eintritt, von einer Inhaber-gef\u00fchrten zu einer Management-gef\u00fchrten Organisation \u00fcbergeht oder nach dem Deal Wertsteigerung realisieren soll.<\/p>\n\n\n\n<p><\/p>\n\n\n\n<p>Unsere Beratungsleistungen sind modular aufgebaut und werden als klar abgegrenzte Projektbausteine beauftragt. Umfang, Ergebnisformate und Meilensteine werden vor Start dokumentiert.<\/p>\n\n\n\n<p><\/p>\n\n\n\n<p class=\"has-small-font-size\"><strong>Unsere Leistungsschwerpunkte umfassen:<\/strong><\/p>\n\n\n\n<ul class=\"wp-block-list\">\n<li><strong>PE-\/Deal-Readiness:<\/strong> Management-Reporting, investorentaugliches KPI-Set, Vorbereitung des Datenraums, Due-Diligence-Readiness sowie die finanzielle Logik hinter der Equity Story.<\/li>\n\n\n\n<li><strong>Value Creation &amp; Post-Deal-Scaling:<\/strong> Finance Operating Model, Finance-Transformation &amp; Prozesse, Governance, Stakeholder-Management.<\/li>\n\n\n\n<li><strong>\u00dcbergang von Founder zu Management:<\/strong> Operative Unterst\u00fctzung von Gr\u00fcnder:innen beim \u00dcbergang in eine externe Managementstruktur.<\/li>\n\n\n\n<li><strong>Cash &amp; Working Capital:<\/strong> Cash-Forecasting, Optimierung des Cash Conversion Cycle, Profitabilit\u00e4tsfokus, Kostentransparenz.<\/li>\n\n\n\n<li><strong>FP&amp;A &amp; Unternehmenssteuerung:<\/strong> Treiberbasierte Planung, Forecasting, KPI-Architektur, Dashboards und eine \u201eSingle Source of Truth\u201c f\u00fcr bessere Entscheidungen und Daten\u00adtransparenz.<\/li>\n<\/ul>\n\n\n\n<p><\/p>\n\n\n\n<p>Wir bieten eine pragmatische Umsetzung, strukturiertes Change Management und Finanzsysteme, die schnelles und profitables Wachstum erm\u00f6glichen \u2013 statt lediglich \u201esch\u00f6ner\u201c Folien und Reporting.<\/p>\n\n\n\n<p><\/p>\n\n\n\n<p>Una Jota bietet keine Anlageberatung oder Finanzvermittlung f\u00fcr Dritte an und nimmt keine T\u00e4tigkeiten vor, die eine Erlaubnis nach dem Aufsichtsrecht voraussetzen.<\/p>\n","protected":false},"excerpt":{"rendered":"<p>Wir unterst\u00fctzen inhabergef\u00fchrte sowie Private-Equity-finanzierte KMUs dabei, ihre Finanz- und Operations-Funktionen zu professionalisieren und skalierbar aufzustellen \u2013 insbesondere, wenn das Unternehmen einen Investoren- bzw. K\u00e4uferprozess vorbereitet (PE \/ strategischer Erwerber), eine Transaktion durchl\u00e4uft, in die n\u00e4chste Wachstumsphase eintritt, von einer Inhaber-gef\u00fchrten zu einer Management-gef\u00fchrten Organisation \u00fcbergeht oder nach dem Deal Wertsteigerung realisieren soll. Unsere Beratungsleistungen [&hellip;]<\/p>\n","protected":false},"author":1,"featured_media":0,"parent":0,"menu_order":0,"comment_status":"closed","ping_status":"closed","template":"","meta":{"_coblocks_attr":"","_coblocks_dimensions":"","_coblocks_responsive_height":"","_coblocks_accordion_ie_support":"","hide_page_title":"","footnotes":""},"class_list":["post-152","page","type-page","status-publish","hentry"],"_links":{"self":[{"href":"https:\/\/1jota.com\/index.php?rest_route=\/wp\/v2\/pages\/152","targetHints":{"allow":["GET"]}}],"collection":[{"href":"https:\/\/1jota.com\/index.php?rest_route=\/wp\/v2\/pages"}],"about":[{"href":"https:\/\/1jota.com\/index.php?rest_route=\/wp\/v2\/types\/page"}],"author":[{"embeddable":true,"href":"https:\/\/1jota.com\/index.php?rest_route=\/wp\/v2\/users\/1"}],"replies":[{"embeddable":true,"href":"https:\/\/1jota.com\/index.php?rest_route=%2Fwp%2Fv2%2Fcomments&post=152"}],"version-history":[{"count":2,"href":"https:\/\/1jota.com\/index.php?rest_route=\/wp\/v2\/pages\/152\/revisions"}],"predecessor-version":[{"id":160,"href":"https:\/\/1jota.com\/index.php?rest_route=\/wp\/v2\/pages\/152\/revisions\/160"}],"wp:attachment":[{"href":"https:\/\/1jota.com\/index.php?rest_route=%2Fwp%2Fv2%2Fmedia&parent=152"}],"curies":[{"name":"wp","href":"https:\/\/api.w.org\/{rel}","templated":true}]}}